{"id":9279,"date":"2024-01-23T15:16:55","date_gmt":"2024-01-23T14:16:55","guid":{"rendered":"https:\/\/begovic.hazu.hr\/in-place-of-a-conclusion\/"},"modified":"2026-01-20T13:40:03","modified_gmt":"2026-01-20T12:40:03","slug":"in-place-of-a-conclusion","status":"publish","type":"page","link":"https:\/\/begovic.hazu.hr\/en\/in-place-of-a-conclusion\/","title":{"rendered":"In place of a conclusion"},"content":{"rendered":"\t\t<div data-elementor-type=\"wp-page\" data-elementor-id=\"9279\" class=\"elementor elementor-9279 elementor-8937\">\n\t\t\t\t\t\t<section class=\"elementor-section elementor-top-section elementor-element elementor-element-1e112f4 elementor-section-boxed elementor-section-height-default elementor-section-height-default\" data-id=\"1e112f4\" data-element_type=\"section\" data-e-type=\"section\" data-settings=\"{&quot;background_background&quot;:&quot;classic&quot;}\">\n\t\t\t\t\t\t<div class=\"elementor-container elementor-column-gap-default\">\n\t\t\t\t\t<div class=\"elementor-column elementor-col-100 elementor-top-column elementor-element elementor-element-743fcf0\" data-id=\"743fcf0\" data-element_type=\"column\" data-e-type=\"column\">\n\t\t\t<div class=\"elementor-widget-wrap elementor-element-populated\">\n\t\t\t\t\t\t<section class=\"elementor-section elementor-inner-section elementor-element elementor-element-26a783ce elementor-section-boxed elementor-section-height-default elementor-section-height-default\" data-id=\"26a783ce\" data-element_type=\"section\" data-e-type=\"section\">\n\t\t\t\t\t\t<div class=\"elementor-container elementor-column-gap-default\">\n\t\t\t\t\t<div class=\"elementor-column elementor-col-100 elementor-inner-column elementor-element elementor-element-3fa7a8f8\" data-id=\"3fa7a8f8\" data-element_type=\"column\" data-e-type=\"column\">\n\t\t\t<div class=\"elementor-widget-wrap elementor-element-populated\">\n\t\t\t\t\t\t<div class=\"elementor-element elementor-element-113f65f elementor-widget__width-auto elementor-widget elementor-widget-hub_fancy_heading\" data-id=\"113f65f\" data-element_type=\"widget\" data-e-type=\"widget\" data-widget_type=\"hub_fancy_heading.default\">\n\t\t\t\t<div class=\"elementor-widget-container\">\n\t\t\t\t\t\n\t\t<div id=\"ld-fancy-heading-69f2c9a0b8fb0\" class=\"ld-fancy-heading pos-rel\">\n\t\t\t<h6 class=\"ld-fh-element d-inline-block pos-rel  elementor-heading-title lqd-highlight-classic lqd-highlight-grow-left h6\"  > In place of a conclusion<\/h6>\t\t<\/div>\n\n\t\t\t\t\t\t<\/div>\n\t\t\t\t<\/div>\n\t\t\t\t<div class=\"elementor-element elementor-element-498d37f elementor-widget__width-initial elementor-widget elementor-widget-hub_fancy_heading\" data-id=\"498d37f\" data-element_type=\"widget\" data-e-type=\"widget\" data-widget_type=\"hub_fancy_heading.default\">\n\t\t\t\t<div class=\"elementor-widget-container\">\n\t\t\t\t\t\n\t\t<div id=\"ld-fancy-heading-69f2c9a0b95a2\" class=\"ld-fancy-heading pos-rel\">\n\t\t\t<h1 class=\"ld-fh-element d-inline-block pos-rel  elementor-heading-title lqd-highlight-classic lqd-highlight-grow-left h1\"  >  Experience leads to inspirational creation<\/h1>\t\t<\/div>\n\n\t\t\t\t\t\t<\/div>\n\t\t\t\t<\/div>\n\t\t\t\t\t<\/div>\n\t\t<\/div>\n\t\t\t\t\t<\/div>\n\t\t<\/section>\n\t\t\t\t<section class=\"elementor-section elementor-inner-section elementor-element elementor-element-cdca289 elementor-section-boxed elementor-section-height-default elementor-section-height-default\" data-id=\"cdca289\" data-element_type=\"section\" data-e-type=\"section\">\n\t\t\t\t\t\t<div class=\"elementor-container elementor-column-gap-default\">\n\t\t\t\t\t<div class=\"elementor-column elementor-col-100 elementor-inner-column elementor-element elementor-element-de84897\" data-id=\"de84897\" data-element_type=\"column\" data-e-type=\"column\">\n\t\t\t<div class=\"elementor-widget-wrap elementor-element-populated\">\n\t\t\t\t\t\t<div class=\"elementor-element elementor-element-1e9fb1b elementor-widget elementor-widget-testimonial\" data-id=\"1e9fb1b\" data-element_type=\"widget\" data-e-type=\"widget\" data-widget_type=\"testimonial.default\">\n\t\t\t\t<div class=\"elementor-widget-container\">\n\t\t\t\t\t\t\t<div class=\"elementor-testimonial-wrapper\">\n\t\t\t\t\t\t\t<div class=\"elementor-testimonial-content\">Begovi\u0107 conceptualises his building as a humanised significance: as the power of labour (Exhibition Pavilion), as an intimate home for the na\u00efve artists (Gallery in Hlebine), as a space for like minds (Modern Gallery), as an homage to an artist (Me\u0161trovi\u0107 gallery)...\n<\/div>\n\t\t\t\n\t\t\t\t\t\t<div class=\"elementor-testimonial-meta\">\n\t\t\t\t<div class=\"elementor-testimonial-meta-inner\">\n\t\t\t\t\t\n\t\t\t\t\t\t\t\t\t\t<div class=\"elementor-testimonial-details\">\n\t\t\t\t\t\t\t\t\t\t\t\t\t\t<div class=\"elementor-testimonial-name\">Academician Andrija Mutnjakovi\u0107<\/div>\n\t\t\t\t\t\t\t\t\t\t\t\t\t\t\t\t\t\t\t<\/div>\n\t\t\t\t\t\t\t\t\t<\/div>\n\t\t\t<\/div>\n\t\t\t\t\t<\/div>\n\t\t\t\t\t\t<\/div>\n\t\t\t\t<\/div>\n\t\t\t\t<div class=\"elementor-element elementor-element-36101a5 elementor-widget__width-initial elementor-widget elementor-widget-hub_fancy_heading\" data-id=\"36101a5\" data-element_type=\"widget\" data-e-type=\"widget\" data-widget_type=\"hub_fancy_heading.default\">\n\t\t\t\t<div class=\"elementor-widget-container\">\n\t\t\t\t\t\n\t\t<div id=\"ld-fancy-heading-69f2c9a0b9bd4\" class=\"ld-fancy-heading pos-rel\">\n\t\t\t<p class=\"ld-fh-element d-inline-block pos-rel  lqd-highlight-classic lqd-highlight-grow-left p\"  > Acknowledgement for his work on the Me\u0161trovi\u0107 Atelier, which marked his first encounter with the design of museum and gallery spaces, was also the outset of a process of gathering experience culminating in Begovi\u0107\u2019s doctoral dissertation The development and perspective of art museum architecture, which he defended at the University of Zagreb's Faculty of Architecture in 1980. His paper researches the genesis of the social conditions surrounding the creation of museums and their architectural designs in the past as the basis for an understanding of current needs. Begovi\u0107 also considers the crisis of concept in art museums in modern society, suggesting an architectural concept for future art museums. Through his own experience, Begovi\u0107 had come to recognise the importance of planning and creating stimulating conditions for museum design. His years of experience in design and research on the history of museums in relation to modern materials and the available technology resulted in a new, fresh approach to his design of exhibition, presentation, and museum spaces that enriched the local museum scene. His work on issues related to daylighting and artificial lighting\u2014especially in workspaces, galleries, and museums\u2014and his study of the psychological and aesthetic influence of colour were rooted in his time as an assistant at the HAZU Department of Architecture and Urbanism, where he collected and studied documentary materials on the development of modern architecture. Although there is no rule unequivocally determining how a museum should be designed, guidelines certainly exist that should be respected to attain an appropriate result. Begovi\u0107 approached his creation of spaces with the understanding of a high expert in the field, appropriate to the historical context, and with an adequate presentation style regarding both the artwork exhibited and the exhibition space's potential visitors. At a time when our museums are being renovated after the Zagreb earthquake, this part of Begovi\u0107's opus has taken on the value of documented experience, guidance, and inspiration.  <\/p>\t\t<\/div>\n\n\t\t\t\t\t\t<\/div>\n\t\t\t\t<\/div>\n\t\t\t\t\t<\/div>\n\t\t<\/div>\n\t\t\t\t\t<\/div>\n\t\t<\/section>\n\t\t\t\t\t<\/div>\n\t\t<\/div>\n\t\t\t\t\t<\/div>\n\t\t<\/section>\n\t\t\t\t<section class=\"elementor-section elementor-top-section elementor-element elementor-element-6601ac5b elementor-section-boxed elementor-section-height-default elementor-section-height-default\" data-id=\"6601ac5b\" data-element_type=\"section\" data-e-type=\"section\" data-settings=\"{&quot;background_background&quot;:&quot;gradient&quot;}\">\n\t\t\t\t\t\t<div class=\"elementor-container elementor-column-gap-no\">\n\t\t\t\t\t<div class=\"elementor-column elementor-col-100 elementor-top-column elementor-element elementor-element-3080e9e1\" data-id=\"3080e9e1\" data-element_type=\"column\" data-e-type=\"column\">\n\t\t\t<div class=\"elementor-widget-wrap elementor-element-populated\">\n\t\t\t\t\t\t<div class=\"elementor-element elementor-element-7429505 elementor-widget__width-initial elementor-widget elementor-widget-hub_fancy_heading\" data-id=\"7429505\" data-element_type=\"widget\" data-e-type=\"widget\" data-widget_type=\"hub_fancy_heading.default\">\n\t\t\t\t<div class=\"elementor-widget-container\">\n\t\t\t\t\t\n\t\t<div id=\"ld-fancy-heading-69f2c9a0ba197\" class=\"ld-fancy-heading pos-rel\">\n\t\t\t<h1 class=\"ld-fh-element d-inline-block pos-rel  elementor-heading-title lqd-highlight-classic lqd-highlight-grow-left h1\"  > Design for the Modern Art Gallery in Zagreb; perspective view<\/h1>\t\t<\/div>\n\n\t\t\t\t\t\t<\/div>\n\t\t\t\t<\/div>\n\t\t\t\t<div class=\"elementor-element elementor-element-2136df2 elementor-widget__width-initial elementor-widget elementor-widget-hub_fancy_heading\" data-id=\"2136df2\" data-element_type=\"widget\" data-e-type=\"widget\" data-widget_type=\"hub_fancy_heading.default\">\n\t\t\t\t<div class=\"elementor-widget-container\">\n\t\t\t\t\t\n\t\t<div id=\"ld-fancy-heading-69f2c9a0ba799\" class=\"ld-fancy-heading pos-rel\">\n\t\t\t<h5 class=\"ld-fh-element d-inline-block pos-rel  elementor-heading-title lqd-highlight-classic lqd-highlight-grow-left h5\"  > Master's thesis; Faculty of Engineering, University of Zagreb, 1952<\/h5>\t\t<\/div>\n\n\t\t\t\t\t\t<\/div>\n\t\t\t\t<\/div>\n\t\t\t\t<div class=\"elementor-element elementor-element-4de7a018 elementor-widget elementor-widget-ld_asymmetric_slider\" data-id=\"4de7a018\" data-element_type=\"widget\" data-e-type=\"widget\" data-widget_type=\"ld_asymmetric_slider.default\">\n\t\t\t\t<div class=\"elementor-widget-container\">\n\t\t\t\t\t\n\t\t<div id=\"lqd-asym-slider-4de7a018\" class=\"lqd-asym-slider\" data-asym-slider=\"1\" data-asym-options=\"{&quot;autoplay&quot;:4}\">\n\t\t\t<div class=\"lqd-asym-slider-inner\">\n\n\t\t\t\t<div class=\"container ps-0 pe-0\">\n\t\t\t\t\t<div class=\"lqd-asym-slider-t pos-rel z-index-3\">\n\t\t\t\t\t\t<div class=\"lqd-asym-slider-content d-flex flex-wrap align-items-center justify-content-between\">\n\t\t\t\t\t\t\t<div class=\"lqd-asym-slider-title-wrap d-flex w-100 pos-rel\">\n\t\n\t\t\t\t\t\t\t\t\t\t\t\t\t\t\t\t\t<div class=\"lqd-asym-slider-title w-100 0 active\">\n\t\t\t\t\t\t\t\t\t\t<h2 class=\"mt-0 mb-0 h1\" data-fittext=\"true\" data-fittext-options='{\"compressor\": 0.4, \"maxFontSize\": \"currentFontSize\"}'>\n\t\t\t\t\t\t\t\t\t\t\t<span class=\"d-block\" data-split-text=\"true\" data-split-options='{ \"type\": \"chars, words\" }'> <\/span>\n\t\t\t\t\t\t\t\t\t\t\t<span class=\"d-block text-outline\" data-split-text=\"true\" data-split-options='{ \"type\": \"chars, words\" }'>\/01<\/span>\n\t\t\t\t\t\t\t\t\t\t<\/h2>\n\t\t\t\t\t\t\t\t\t<\/div>\n\t\t\t\t\t\t\t\t\t\t\t\t\t\t\t\t\t<div class=\"lqd-asym-slider-title w-100 1\">\n\t\t\t\t\t\t\t\t\t\t<h2 class=\"mt-0 mb-0 h1\" data-fittext=\"true\" data-fittext-options='{\"compressor\": 0.4, \"maxFontSize\": \"currentFontSize\"}'>\n\t\t\t\t\t\t\t\t\t\t\t<span class=\"d-block\" data-split-text=\"true\" data-split-options='{ \"type\": \"chars, words\" }'> <\/span>\n\t\t\t\t\t\t\t\t\t\t\t<span class=\"d-block text-outline\" data-split-text=\"true\" data-split-options='{ \"type\": \"chars, words\" }'>\/02<\/span>\n\t\t\t\t\t\t\t\t\t\t<\/h2>\n\t\t\t\t\t\t\t\t\t<\/div>\n\t\t\t\t\t\t\t\t\t\t\t\t\t\t\t\t\t<div class=\"lqd-asym-slider-title w-100 2\">\n\t\t\t\t\t\t\t\t\t\t<h2 class=\"mt-0 mb-0 h1\" data-fittext=\"true\" data-fittext-options='{\"compressor\": 0.4, \"maxFontSize\": \"currentFontSize\"}'>\n\t\t\t\t\t\t\t\t\t\t\t<span class=\"d-block\" data-split-text=\"true\" data-split-options='{ \"type\": \"chars, words\" }'> <\/span>\n\t\t\t\t\t\t\t\t\t\t\t<span class=\"d-block text-outline\" data-split-text=\"true\" data-split-options='{ \"type\": \"chars, words\" }'>\/03<\/span>\n\t\t\t\t\t\t\t\t\t\t<\/h2>\n\t\t\t\t\t\t\t\t\t<\/div>\n\t\t\t\t\t\t\t\t\t\t\t\t\t\t\t\t\t<div class=\"lqd-asym-slider-title w-100 3\">\n\t\t\t\t\t\t\t\t\t\t<h2 class=\"mt-0 mb-0 h1\" data-fittext=\"true\" data-fittext-options='{\"compressor\": 0.4, \"maxFontSize\": \"currentFontSize\"}'>\n\t\t\t\t\t\t\t\t\t\t\t<span class=\"d-block\" data-split-text=\"true\" data-split-options='{ \"type\": \"chars, words\" }'> <\/span>\n\t\t\t\t\t\t\t\t\t\t\t<span class=\"d-block text-outline\" data-split-text=\"true\" data-split-options='{ \"type\": \"chars, words\" }'>\/04<\/span>\n\t\t\t\t\t\t\t\t\t\t<\/h2>\n\t\t\t\t\t\t\t\t\t<\/div>\n\t\t\t\t\t\t\t\t\t\n\t\t\t\t\t\t\t<\/div>\n\t\t\t\t\t\t\t<div class=\"lqd-asym-slider-info-wrap d-flex w-100 pos-rel\">\n\t\n\t\t\t\t\t\t\t\t\t\t\t\t\t\t\t\t\t<div class=\"lqd-asym-slider-info w-100 active\">\n\t\t\t\t\t\t\t\t\t\t\t\t\t\t\t\t\t\t\t\t<h4 class=\"mt-0 mb-0\"><\/h4>\n\t\t\t\t\t\t\t\t\t\t<hr class=\"mt-3 mb-3\">\n\t\t\t\t\t\t\t\t\t\t\t\t\t\t\t\t\t\t\t\t\t\t\t\t\t\t\t\t\t\t<p class=\"h4 mt-0 mb-0\"><\/p>\n\t\t\t\t\t\t\t\t\t\t\t\t\t\t\t\t\t\t\t<\/div>\n\t\t\t\t\t\t\t\t\t\t\t\t\t\t\t\t\t<div class=\"lqd-asym-slider-info w-100 \">\n\t\t\t\t\t\t\t\t\t\t\t\t\t\t\t\t\t\t\t\t<h4 class=\"mt-0 mb-0\"><\/h4>\n\t\t\t\t\t\t\t\t\t\t<hr class=\"mt-3 mb-3\">\n\t\t\t\t\t\t\t\t\t\t\t\t\t\t\t\t\t\t\t\t\t\t\t\t\t\t\t\t\t\t<p class=\"h4 mt-0 mb-0\"><\/p>\n\t\t\t\t\t\t\t\t\t\t\t\t\t\t\t\t\t\t\t<\/div>\n\t\t\t\t\t\t\t\t\t\t\t\t\t\t\t\t\t<div class=\"lqd-asym-slider-info w-100 \">\n\t\t\t\t\t\t\t\t\t\t\t\t\t\t\t\t\t\t\t\t<h4 class=\"mt-0 mb-0\"><\/h4>\n\t\t\t\t\t\t\t\t\t\t<hr class=\"mt-3 mb-3\">\n\t\t\t\t\t\t\t\t\t\t\t\t\t\t\t\t\t\t\t\t\t\t\t\t\t\t\t\t\t\t<p class=\"h4 mt-0 mb-0\"><\/p>\n\t\t\t\t\t\t\t\t\t\t\t\t\t\t\t\t\t\t\t<\/div>\n\t\t\t\t\t\t\t\t\t\t\t\t\t\t\t\t\t<div class=\"lqd-asym-slider-info w-100 \">\n\t\t\t\t\t\t\t\t\t\t\t\t\t\t\t\t\t\t\t\t<h4 class=\"mt-0 mb-0\"><\/h4>\n\t\t\t\t\t\t\t\t\t\t<hr class=\"mt-3 mb-3\">\n\t\t\t\t\t\t\t\t\t\t\t\t\t\t\t\t\t\t\t\t\t\t\t\t\t\t\t\t\t\t<p class=\"h4 mt-0 mb-0\"><\/p>\n\t\t\t\t\t\t\t\t\t\t\t\t\t\t\t\t\t\t\t<\/div>\n\t\t\t\t\t\t\t\t\t\n\t\t\t\t\t\t\t<\/div>\n\t\t\t\t\t\t<\/div>\n\t\t\t\t\t<\/div>\n\t\t\t\t<\/div>\n\n\t\t\t\t<div class=\"lqd-asym-slider-b pos-rel\">\n\t\t\t\t\t<div class=\"lqd-asym-slider-img-wrap pos-rel overflow-hidden\">\n\n\t\t\t\t\t\t\t\t\t\t\t\t\t<div class=\"lqd-asym-slider-img w-100 pos-rel overflow-hidden active\">\n\t\t\t\t\t\t\t\t<div class=\"lqd-asym-slider-img-inner w-100 overflow-hidden\">\n\t\t\t\t\t\t\t\t\t\t\t\t\t\t\t\t\t\t<figure class=\"mt-0 mb-0 w-100\">\n\t\t\t\t\t\t\t\t\t\t<img fetchpriority=\"high\" decoding=\"async\" width=\"2160\" height=\"977\" src=\"https:\/\/begovic.hazu.hr\/wp-content\/uploads\/2024\/01\/Galerija-moderne-umjetnosti-u-Zagrebu-perspektivne-skice-1.jpg\" class=\"w-100 objfit-cover objpos-center\" alt=\" \" srcset=\"https:\/\/begovic.hazu.hr\/wp-content\/uploads\/2024\/01\/Galerija-moderne-umjetnosti-u-Zagrebu-perspektivne-skice-1.jpg 2160w, https:\/\/begovic.hazu.hr\/wp-content\/uploads\/2024\/01\/Galerija-moderne-umjetnosti-u-Zagrebu-perspektivne-skice-1-300x136.jpg 300w, https:\/\/begovic.hazu.hr\/wp-content\/uploads\/2024\/01\/Galerija-moderne-umjetnosti-u-Zagrebu-perspektivne-skice-1-1024x463.jpg 1024w\" sizes=\"(max-width: 2160px) 100vw, 2160px\" \/>\t\t\t\t\t\t\t\t\t<\/figure>\n\t\t\t\t\t\t\t\t\t\t\t\t\t\t\t\t\t<\/div>\n\t\t\t\t\t\t\t\t<div class=\"lqd-asym-slider-btn-wrap d-inline-flex pos-abs pos-bl z-index-2 overflow-hidden\">\n\t\t\t\t\t\t\t\t\t<div class=\"lqd-asym-slider-btn\">\n\t\t\t\t\t\t\t\t\t\t\t\t\t\t\t\t\t\t\t<\/div>\n\t\t\t\t\t\t\t\t<\/div>\n\t\t\t\t\t\t\t<\/div>\n\t\t\t\t\t\t\t\t\t\t\t\t\t<div class=\"lqd-asym-slider-img w-100 pos-rel overflow-hidden \">\n\t\t\t\t\t\t\t\t<div class=\"lqd-asym-slider-img-inner w-100 overflow-hidden\">\n\t\t\t\t\t\t\t\t\t\t\t\t\t\t\t\t\t\t<figure class=\"mt-0 mb-0 w-100\">\n\t\t\t\t\t\t\t\t\t\t<img decoding=\"async\" width=\"2160\" height=\"977\" src=\"data:image\/svg+xml;charset=utf-8,%3Csvg xmlns%3D&#039;http%3A%2F%2Fwww.w3.org%2F2000%2Fsvg&#039; viewBox%3D&#039;0 0 2160 977&#039;%2F%3E\" class=\"w-100 objfit-cover objpos-center ld-lazyload\" alt=\" \" data-src=\"https:\/\/begovic.hazu.hr\/wp-content\/uploads\/2024\/01\/Galerija-moderne-umjetnosti-u-Zagrebu-perspektivne-skice-2.jpg\" data-srcset=\"https:\/\/begovic.hazu.hr\/wp-content\/uploads\/2024\/01\/Galerija-moderne-umjetnosti-u-Zagrebu-perspektivne-skice-2.jpg 2160w, https:\/\/begovic.hazu.hr\/wp-content\/uploads\/2024\/01\/Galerija-moderne-umjetnosti-u-Zagrebu-perspektivne-skice-2-300x136.jpg 300w, https:\/\/begovic.hazu.hr\/wp-content\/uploads\/2024\/01\/Galerija-moderne-umjetnosti-u-Zagrebu-perspektivne-skice-2-1024x463.jpg 1024w\" data-sizes=\"(max-width: 2160px) 100vw, 2160px\" data-aspect=\"2.2108495394063\" \/>\t\t\t\t\t\t\t\t\t<\/figure>\n\t\t\t\t\t\t\t\t\t\t\t\t\t\t\t\t\t<\/div>\n\t\t\t\t\t\t\t\t<div class=\"lqd-asym-slider-btn-wrap d-inline-flex pos-abs pos-bl z-index-2 overflow-hidden\">\n\t\t\t\t\t\t\t\t\t<div class=\"lqd-asym-slider-btn\">\n\t\t\t\t\t\t\t\t\t\t\t\t\t\t\t\t\t\t\t<\/div>\n\t\t\t\t\t\t\t\t<\/div>\n\t\t\t\t\t\t\t<\/div>\n\t\t\t\t\t\t\t\t\t\t\t\t\t<div class=\"lqd-asym-slider-img w-100 pos-rel overflow-hidden \">\n\t\t\t\t\t\t\t\t<div class=\"lqd-asym-slider-img-inner w-100 overflow-hidden\">\n\t\t\t\t\t\t\t\t\t\t\t\t\t\t\t\t\t\t<figure class=\"mt-0 mb-0 w-100\">\n\t\t\t\t\t\t\t\t\t\t<img decoding=\"async\" width=\"2160\" height=\"977\" src=\"data:image\/svg+xml;charset=utf-8,%3Csvg xmlns%3D&#039;http%3A%2F%2Fwww.w3.org%2F2000%2Fsvg&#039; viewBox%3D&#039;0 0 2160 977&#039;%2F%3E\" class=\"w-100 objfit-cover objpos-center ld-lazyload\" alt=\" \" data-src=\"https:\/\/begovic.hazu.hr\/wp-content\/uploads\/2024\/01\/Galerija-moderne-umjetnosti-u-Zagrebu-perspektivne-skice-3.jpg\" data-srcset=\"https:\/\/begovic.hazu.hr\/wp-content\/uploads\/2024\/01\/Galerija-moderne-umjetnosti-u-Zagrebu-perspektivne-skice-3.jpg 2160w, https:\/\/begovic.hazu.hr\/wp-content\/uploads\/2024\/01\/Galerija-moderne-umjetnosti-u-Zagrebu-perspektivne-skice-3-300x136.jpg 300w, https:\/\/begovic.hazu.hr\/wp-content\/uploads\/2024\/01\/Galerija-moderne-umjetnosti-u-Zagrebu-perspektivne-skice-3-1024x463.jpg 1024w\" data-sizes=\"(max-width: 2160px) 100vw, 2160px\" data-aspect=\"2.2108495394063\" \/>\t\t\t\t\t\t\t\t\t<\/figure>\n\t\t\t\t\t\t\t\t\t\t\t\t\t\t\t\t\t<\/div>\n\t\t\t\t\t\t\t\t<div class=\"lqd-asym-slider-btn-wrap d-inline-flex pos-abs pos-bl z-index-2 overflow-hidden\">\n\t\t\t\t\t\t\t\t\t<div class=\"lqd-asym-slider-btn\">\n\t\t\t\t\t\t\t\t\t\t\t\t\t\t\t\t\t\t\t<\/div>\n\t\t\t\t\t\t\t\t<\/div>\n\t\t\t\t\t\t\t<\/div>\n\t\t\t\t\t\t\t\t\t\t\t\t\t<div class=\"lqd-asym-slider-img w-100 pos-rel overflow-hidden \">\n\t\t\t\t\t\t\t\t<div class=\"lqd-asym-slider-img-inner w-100 overflow-hidden\">\n\t\t\t\t\t\t\t\t\t\t\t\t\t\t\t\t\t\t<figure class=\"mt-0 mb-0 w-100\">\n\t\t\t\t\t\t\t\t\t\t<img loading=\"lazy\" decoding=\"async\" width=\"2160\" height=\"977\" src=\"data:image\/svg+xml;charset=utf-8,%3Csvg xmlns%3D&#039;http%3A%2F%2Fwww.w3.org%2F2000%2Fsvg&#039; viewBox%3D&#039;0 0 2160 977&#039;%2F%3E\" class=\"w-100 objfit-cover objpos-center ld-lazyload\" alt=\" \" data-src=\"https:\/\/begovic.hazu.hr\/wp-content\/uploads\/2024\/01\/Galerija-moderne-umjetnosti-u-Zagrebu-perspektivne-skice-4.jpg\" data-srcset=\"https:\/\/begovic.hazu.hr\/wp-content\/uploads\/2024\/01\/Galerija-moderne-umjetnosti-u-Zagrebu-perspektivne-skice-4.jpg 2160w, https:\/\/begovic.hazu.hr\/wp-content\/uploads\/2024\/01\/Galerija-moderne-umjetnosti-u-Zagrebu-perspektivne-skice-4-300x136.jpg 300w, https:\/\/begovic.hazu.hr\/wp-content\/uploads\/2024\/01\/Galerija-moderne-umjetnosti-u-Zagrebu-perspektivne-skice-4-1024x463.jpg 1024w\" data-sizes=\"(max-width: 2160px) 100vw, 2160px\" data-aspect=\"2.2108495394063\" \/>\t\t\t\t\t\t\t\t\t<\/figure>\n\t\t\t\t\t\t\t\t\t\t\t\t\t\t\t\t\t<\/div>\n\t\t\t\t\t\t\t\t<div class=\"lqd-asym-slider-btn-wrap d-inline-flex pos-abs pos-bl z-index-2 overflow-hidden\">\n\t\t\t\t\t\t\t\t\t<div class=\"lqd-asym-slider-btn\">\n\t\t\t\t\t\t\t\t\t\t\t\t\t\t\t\t\t\t\t<\/div>\n\t\t\t\t\t\t\t\t<\/div>\n\t\t\t\t\t\t\t<\/div>\n\t\t\t\t\t\t\n\t\t\t\t\t<\/div>\n\n\t\t\t\t\t<div class=\"lqd-asym-slider-arrows d-flex pos-abs pos-tr z-index-3\">\n\t\t\t\t\t\t<button class=\"lqd-asym-slider-arrow lqd-asym-slider-prev pos-rel\">\n\t\t\t\t\t\t\t<svg xmlns=\"http:\/\/www.w3.org\/2000\/svg\" width=\"32\" height=\"32\" viewBox=\"0 0 32 32\" style=\"height: 1em;\"><path d=\"M26.688 14.664H10.456l7.481-7.481L16 5.313 5.312 16 16 26.688l1.87-1.87-7.414-7.482h16.232v-2.672z\" fill=\"currentColor\"><\/path><\/svg>\n\t\t\t\t\t\t<\/button>\n\t\t\t\t\t\t<button class=\"lqd-asym-slider-arrow lqd-asym-slider-next pos-rel\">\n\t\t\t\t\t\t\t<svg xmlns=\"http:\/\/www.w3.org\/2000\/svg\" width=\"32\" height=\"32\" viewBox=\"0 0 32 32\" style=\"height: 1em;\"><path d=\"M5.313 17.336h16.231l-7.481 7.481L16 26.687 26.688 16 16 5.312l-1.87 1.87 7.414 7.482H5.312v2.672z\" fill=\"currentColor\"><\/path><\/svg>\n\t\t\t\t\t\t<\/button>\n\t\t\t\t\t<\/div>\n\n\t\t\t\t<\/div>\n\n\t\t\t<\/div>\n\t\t<\/div>\n\n\t\t\t\t\t\t<\/div>\n\t\t\t\t<\/div>\n\t\t\t\t\t<\/div>\n\t\t<\/div>\n\t\t\t\t\t<\/div>\n\t\t<\/section>\n\t\t\t\t<\/div>\n\t\t","protected":false},"excerpt":{"rendered":"<p>In place of a conclusion Experience leads to inspirational creation Begovi\u0107 conceptualises his building as a humanised significance: as the power of labour (Exhibition Pavilion), as an intimate home for the na\u00efve artists (Gallery in Hlebine), as a space for like minds (Modern Gallery), as an homage to an artist (Me\u0161trovi\u0107 gallery)&#8230; Academician Andrija Mutnjakovi\u0107 [&hellip;]<\/p>\n","protected":false},"author":2,"featured_media":0,"parent":0,"menu_order":0,"comment_status":"closed","ping_status":"closed","template":"","meta":{"footnotes":""},"class_list":["post-9279","page","type-page","status-publish","hentry"],"_links":{"self":[{"href":"https:\/\/begovic.hazu.hr\/en\/wp-json\/wp\/v2\/pages\/9279","targetHints":{"allow":["GET"]}}],"collection":[{"href":"https:\/\/begovic.hazu.hr\/en\/wp-json\/wp\/v2\/pages"}],"about":[{"href":"https:\/\/begovic.hazu.hr\/en\/wp-json\/wp\/v2\/types\/page"}],"author":[{"embeddable":true,"href":"https:\/\/begovic.hazu.hr\/en\/wp-json\/wp\/v2\/users\/2"}],"replies":[{"embeddable":true,"href":"https:\/\/begovic.hazu.hr\/en\/wp-json\/wp\/v2\/comments?post=9279"}],"version-history":[{"count":4,"href":"https:\/\/begovic.hazu.hr\/en\/wp-json\/wp\/v2\/pages\/9279\/revisions"}],"predecessor-version":[{"id":9284,"href":"https:\/\/begovic.hazu.hr\/en\/wp-json\/wp\/v2\/pages\/9279\/revisions\/9284"}],"wp:attachment":[{"href":"https:\/\/begovic.hazu.hr\/en\/wp-json\/wp\/v2\/media?parent=9279"}],"curies":[{"name":"wp","href":"https:\/\/api.w.org\/{rel}","templated":true}]}}